{"id":23741,"date":"2024-08-10T19:51:54","date_gmt":"2024-08-10T19:51:54","guid":{"rendered":"https:\/\/lacasadelamedicina.es\/product\/koupit-dextroamfetamin-online\/"},"modified":"2024-08-10T19:51:54","modified_gmt":"2024-08-10T19:51:54","slug":"koupit-dextroamfetamin-online","status":"publish","type":"product","link":"https:\/\/lacasadelamedicina.es\/cs\/produkt\/koupit-dextroamfetamin-online\/","title":{"rendered":"Koupit dextroamfetamin online"},"content":{"rendered":"<h1 class=\"product_title entry-title\">Koupit dextroamfetamin online<\/h1>\n<p> Koupit dextroamfetamin online. Dextroamfetamin se pou\u017e\u00edv\u00e1 k l\u00e9\u010db\u011b narkolepsie a poruchy pozornosti s hyperaktivitou (ADHD) a n\u011bkdy se p\u0159edepisuje off-label pro depresi a obezitu. Zat\u00edmco dlouhodob\u00e9 u\u017e\u00edv\u00e1n\u00ed vysok\u00fdch d\u00e1vek u zv\u00ed\u0159at m\u016f\u017ee zp\u016fsobit po\u0161kozen\u00ed dopaminov\u00e9ho syst\u00e9mu, terapeutick\u00e9 d\u00e1vky u lid\u00ed s ADHD obecn\u011b podporuj\u00ed v\u00fdvoj mozku a r\u016fst nerv\u016f. <strong>Dextroamfetamin<\/strong> je l\u00e9k na p\u0159edpis dostupn\u00fd v n\u011bkolika form\u00e1ch:   <\/p>\n<ul>\n<li><strong>Peror\u00e1ln\u00ed tablety<\/strong> (10 mg, 15 mg, 20 mg, 30 mg, 5 mg, 7,5 mg)<\/li>\n<li><strong>Tobolky s prodlou\u017een\u00fdm uvol\u0148ov\u00e1n\u00edm<\/strong> (10 mg, 15 mg, 5 mg)<\/li>\n<li><strong>Peror\u00e1ln\u00ed roztok<\/strong> (5 mg\/5 ml)<\/li>\n<\/ul>\n<p> Prod\u00e1v\u00e1 se pod r\u016fzn\u00fdmi zna\u010dkami v\u010detn\u011b Dexedrine Spansule, ProCentra, Xelstrym, Zenzedi, Dexedrine, Dextrostat a Liquadd. Peror\u00e1ln\u00ed tabletov\u00e1 forma je dostupn\u00e1 pouze v generick\u00fdch verz\u00edch, kter\u00e9 jsou obvykle levn\u011bj\u0161\u00ed ne\u017e zna\u010dkov\u00e9 l\u00e9ky. Dextroamfetamin m\u016f\u017ee b\u00fdt pou\u017eit samostatn\u011b nebo jako sou\u010d\u00e1st kombinovan\u00e9 terapie s jin\u00fdmi l\u00e9ky. <strong>Ne\u017e\u00e1douc\u00ed \u00fa\u010dinky:<\/strong> Vyhledejte pohotovostn\u00ed l\u00e9ka\u0159skou pomoc, pokud zaznamen\u00e1te:   <\/p>\n<ul>\n<li>Alergick\u00e9 reakce, jako je kop\u0159ivka, pot\u00ed\u017ee s d\u00fdch\u00e1n\u00edm nebo otok obli\u010deje nebo hrdla.<\/li>\n<li>Z\u00e1va\u017en\u00e9 ko\u017en\u00ed reakce v\u010detn\u011b hore\u010dky, bolesti v krku, bolesti k\u016f\u017ee nebo vyr\u00e1\u017eky s puch\u00fd\u0159i a olupov\u00e1n\u00edm.<\/li>\n<li>P\u0159\u00edznaky srde\u010dn\u00edho infarktu nebo mrtvice, jako je bolest na hrudi, necitlivost nebo slabost, nez\u0159eteln\u00e1 \u0159e\u010d nebo du\u0161nost.<\/li>\n<\/ul>\n<p> Z\u00e1va\u017en\u00e9 vedlej\u0161\u00ed \u00fa\u010dinky mohou zahrnovat: <\/p>\n<ul>\n<li>Probl\u00e9my se srdcem nebo krevn\u00edm ob\u011bhem, jako je bolest na hrudi, pot\u00ed\u017ee s d\u00fdch\u00e1n\u00edm nebo necitlivost prst\u016f na rukou nebo nohou.<\/li>\n<li>P\u0159\u00edznaky m\u00e1nie nebo psych\u00f3zy, jako jsou halucinace, agrese, paranoia nebo sn\u00ed\u017een\u00e1 pot\u0159eba sp\u00e1nku.<\/li>\n<li>Z\u00e1chvaty, svalov\u00e9 z\u00e1\u0161kuby (tiky) nebo zm\u011bny vid\u011bn\u00ed.<\/li>\n<li>Podr\u00e1\u017ed\u011bn\u00ed k\u016f\u017ee p\u0159i pou\u017eit\u00ed n\u00e1plasti.<\/li>\n<\/ul>\n<p> Dextroamfetamin m\u016f\u017ee ovlivnit r\u016fst u d\u011bt\u00ed, proto sledujte abnorm\u00e1ln\u00ed rychlost r\u016fstu a v p\u0159\u00edpad\u011b obav se pora\u010fte se sv\u00fdm l\u00e9ka\u0159em. <strong>\u010cast\u00e9 vedlej\u0161\u00ed \u00fa\u010dinky:<\/strong><\/p>\n<ul>\n<li>Sucho v \u00fastech<\/li>\n<li>Podr\u00e1\u017ed\u011bn\u00fd \u017ealudek<\/li>\n<li>Ztr\u00e1ta chuti k j\u00eddlu a hubnut\u00ed<\/li>\n<li>Bolest hlavy<\/li>\n<li>Z\u00e1vra\u0165<\/li>\n<li>Nespavost<\/li>\n<li>Podr\u00e1\u017ed\u011bnost<\/li>\n<li>Svalov\u00e9 z\u00e1\u0161kuby<\/li>\n<li>Nevolnost a zvracen\u00ed<\/li>\n<li>Zv\u00fd\u0161en\u00fd krevn\u00ed tlak<\/li>\n<li>Ot\u0159esy<\/li>\n<li>Rychl\u00e9 tepy<\/li>\n<\/ul>\n<p><strong>P\u0159\u00edznaky p\u0159ed\u00e1vkov\u00e1n\u00ed:<\/strong><\/p>\n<ul>\n<li>Neklid a zmatek<\/li>\n<li>Agresivn\u00ed chov\u00e1n\u00ed<\/li>\n<li>Pocity paniky nebo halucinace<\/li>\n<li>Zrychlen\u00e9 d\u00fdch\u00e1n\u00ed a nekontrolovateln\u00e9 chv\u011bn\u00ed<\/li>\n<li>Hore\u010dka a tmav\u011b \u010derven\u00e1 mo\u010d<\/li>\n<li>Svalov\u00e1 slabost a \u00fanava<\/li>\n<li>Deprese a nepravideln\u00fd srde\u010dn\u00ed tep<\/li>\n<li>Z\u00e1vrat\u011b a rozmazan\u00e9 vid\u011bn\u00ed<\/li>\n<li>\u017dalude\u010dn\u00ed nevolnost, zvracen\u00ed a pr\u016fjem<\/li>\n<li>Z\u00e1chvaty a v t\u011b\u017ek\u00fdch p\u0159\u00edpadech k\u00f3ma<\/li>\n<\/ul>\n<p> Dal\u0161\u00ed podrobnosti o tom, kde koupit dextroamfetamin online, z\u00edsk\u00e1te v licencovan\u00fdch online l\u00e9k\u00e1rn\u00e1ch nebo u autorizovan\u00fdch prodejc\u016f.<\/p>\n","protected":false},"excerpt":{"rendered":"<p>Koupit dextroamfetamin online. Dextroamfetamin je l\u00e9k pou\u017e\u00edvan\u00fd k l\u00e9\u010db\u011b narkolepsie a poruchy pozornosti s hyperaktivitou (ADHD). Je k dispozici k prodeji online. Dal\u0161\u00ed informace o tom, kde koupit dextroamfetamin, z\u00edsk\u00e1te v online l\u00e9k\u00e1rn\u00e1ch nebo u autorizovan\u00fdch prodejc\u016f.   <\/p>\n","protected":false},"featured_media":19861,"comment_status":"open","ping_status":"closed","template":"","meta":{"om_disable_all_campaigns":false,"_sitemap_exclude":false,"_sitemap_priority":"","_sitemap_frequency":"","_monsterinsights_skip_tracking":false,"_monsterinsights_sitenote_active":false,"_monsterinsights_sitenote_note":"","_monsterinsights_sitenote_category":0},"product_cat":[4628],"product_tag":[7323,7312,7317,7324,7322,7314,7309,7315,7306,7310,7305,7311,7304,7318,7319,7320,7313,7307,7316,7325,7321,7308],"class_list":{"0":"post-23741","1":"product","2":"type-product","3":"status-publish","4":"has-post-thumbnail","6":"product_cat-pripravky-proti-bolesti","7":"product_tag-autenticky-dextroamfetamin-evropa","8":"product_tag-dextroamfetamin-nejlepsi-cena-v-evrope","9":"product_tag-dextroamfetamin-online-obchod-evropa","10":"product_tag-dodavatele-dextroamfetaminu-v-evrope","11":"product_tag-dodavka-dextroamfetaminu-po-evrope","12":"product_tag-doprava-zdarma-po-dextroamfetaminu-po-evrope","13":"product_tag-internetovy-prodej-dextroamfetaminu","14":"product_tag-kde-koupit-dextroamfetamin-europe","15":"product_tag-kde-koupit-dextroamfetamin-online","16":"product_tag-kolik-je-dextroamfetamin","17":"product_tag-koupit-dextroamfetamin-online","18":"product_tag-koupit-dextroamfetamin-online-evropa","19":"product_tag-kupte-si-dextroamfetamin","20":"product_tag-levny-dextroamfetamin-evropa","21":"product_tag-nabidky-dextroamfetaminu-europe","22":"product_tag-obchod-s-dextroamfetaminem-evropa","23":"product_tag-objednejte-si-dextroamfetamin-eu","24":"product_tag-objednejte-si-dextroamfetamin-online","25":"product_tag-prodej-dextroamfetaminu-v-evrope","26":"product_tag-recenze-dextroamfetaminu-europe","27":"product_tag-sleva-dextroamfetaminu-evropa","28":"product_tag-ucinky-dextroamfetaminu","30":"first","31":"instock","32":"shipping-taxable","33":"purchasable","34":"product-type-variable","35":"farmacie-col"},"aioseo_notices":[],"_links":{"self":[{"href":"https:\/\/lacasadelamedicina.es\/cs\/wp-json\/wp\/v2\/product\/23741"}],"collection":[{"href":"https:\/\/lacasadelamedicina.es\/cs\/wp-json\/wp\/v2\/product"}],"about":[{"href":"https:\/\/lacasadelamedicina.es\/cs\/wp-json\/wp\/v2\/types\/product"}],"replies":[{"embeddable":true,"href":"https:\/\/lacasadelamedicina.es\/cs\/wp-json\/wp\/v2\/comments?post=23741"}],"wp:featuredmedia":[{"embeddable":true,"href":"https:\/\/lacasadelamedicina.es\/cs\/wp-json\/wp\/v2\/media\/19861"}],"wp:attachment":[{"href":"https:\/\/lacasadelamedicina.es\/cs\/wp-json\/wp\/v2\/media?parent=23741"}],"wp:term":[{"taxonomy":"product_cat","embeddable":true,"href":"https:\/\/lacasadelamedicina.es\/cs\/wp-json\/wp\/v2\/product_cat?post=23741"},{"taxonomy":"product_tag","embeddable":true,"href":"https:\/\/lacasadelamedicina.es\/cs\/wp-json\/wp\/v2\/product_tag?post=23741"}],"curies":[{"name":"wp","href":"https:\/\/api.w.org\/{rel}","templated":true}]}}