{"id":23702,"date":"2024-08-10T20:27:10","date_gmt":"2024-08-10T20:27:10","guid":{"rendered":"https:\/\/lacasadelamedicina.es\/product\/koupit-hydrokodon-online\/"},"modified":"2024-08-30T10:45:41","modified_gmt":"2024-08-30T10:45:41","slug":"koupit-hydrokodon-online","status":"publish","type":"product","link":"https:\/\/lacasadelamedicina.es\/cs\/produkt\/koupit-hydrokodon-online\/","title":{"rendered":"Koupit hydrokodon online"},"content":{"rendered":"<h1 class=\"product_title entry-title\">Koupit hydrokodon online<\/h1>\n<p><strong>Kupte si hydrokodon online<\/strong>. Hydrokodon, tak\u00e9 zn\u00e1m\u00fd jako dihydrokodeinon, je semisyntetick\u00fd opioid pou\u017e\u00edvan\u00fd k l\u00e9\u010db\u011b siln\u00e9 bolesti a jako prost\u0159edek na potla\u010den\u00ed ka\u0161le. Obvykle se p\u0159edepisuje v kombinaci s acetaminofenem nebo ibuprofenem pro \u00falevu od bolesti a s homatropin methylbromidem pro zm\u00edrn\u011bn\u00ed ka\u0161le. <strong>Hydrocodon<\/strong> je dostupn\u00fd v r\u016fzn\u00fdch form\u00e1ch v\u010detn\u011b peror\u00e1ln\u00edch tablet, tekut\u00fdch roztok\u016f a kapsl\u00ed s prodlou\u017een\u00fdm uvol\u0148ov\u00e1n\u00edm. Pou\u017e\u00edv\u00e1 se, kdy\u017e je bolest natolik z\u00e1va\u017en\u00e1, \u017ee vy\u017eaduje opioid a jin\u00e9 l\u00e9ky proti bolesti jsou ne\u00fa\u010dinn\u00e9 nebo nejsou tolerov\u00e1ny.    <strong>D\u00e1vkov\u00e9 formy:<\/strong><\/p>\n<ul>\n<li><strong>Tablety<\/strong>: Formulace s okam\u017eit\u00fdm a prodlou\u017een\u00fdm uvol\u0148ov\u00e1n\u00edm.<\/li>\n<li><strong>\u00dastn\u00ed roztok<\/strong>: Tekut\u00e1 forma pro snadn\u011bj\u0161\u00ed \u00fapravu d\u00e1vkov\u00e1n\u00ed.<\/li>\n<li><strong>Elix\u00edr<\/strong>: Kombinuje hydrokodon s dal\u0161\u00edmi slo\u017ekami pro \u00falevu od bolesti nebo ka\u0161le.<\/li>\n<\/ul>\n<p><strong>Hydrocodon<\/strong> p\u016fsob\u00ed jako narkotick\u00e9 analgetikum, p\u016fsob\u00ed na centr\u00e1ln\u00ed nervov\u00fd syst\u00e9m, aby zm\u00edrnil bolest a potla\u010dil ka\u0161el. M\u016f\u017ee to b\u00fdt n\u00e1vykov\u00e9, vedouc\u00ed k psychick\u00e9 nebo fyzick\u00e9 z\u00e1vislosti p\u0159i dlouhodob\u00e9m u\u017e\u00edv\u00e1n\u00ed. Z\u00e1vislost m\u016f\u017ee m\u00edt za n\u00e1sledek abstinen\u010dn\u00ed p\u0159\u00edznaky, pokud je l\u00e9\u010dba n\u00e1hle ukon\u010dena, ale postupn\u00e9 sni\u017eov\u00e1n\u00ed d\u00e1vky m\u016f\u017ee pomoci zm\u00edrnit z\u00e1va\u017en\u00e9 abstinen\u010dn\u00ed \u00fa\u010dinky.   <strong>Vedlej\u0161\u00ed \u00fa\u010dinky:<\/strong><\/p>\n<ul>\n<li><strong>\u010cast\u00e9<\/strong>: Z\u00e1vrat\u011b, ospalost, nevolnost, z\u00e1cpa.<\/li>\n<li><strong>Z\u00e1va\u017en\u00e9<\/strong>: N\u00edzk\u00fd krevn\u00ed tlak, z\u00e1chvaty, prodlou\u017een\u00ed QT intervalu, respira\u010dn\u00ed deprese, serotoninov\u00fd syndrom.<\/li>\n<li><strong>Dal\u0161\u00ed \u00fa\u010dinky<\/strong>: Nevolnost, zvracen\u00ed, sucho v krku, pot\u00ed\u017ee s mo\u010den\u00edm, vyr\u00e1\u017eka, sv\u011bd\u011bn\u00ed a kontrakce zornic. Pou\u017eit\u00ed hydrokodonu m\u016f\u017ee v n\u011bkter\u00fdch p\u0159\u00edpadech tak\u00e9 zp\u016fsobit progresivn\u00ed bilater\u00e1ln\u00ed ztr\u00e1tu sluchu. <\/li>\n<\/ul>\n<p><strong>Bezpe\u010dnostn\u00ed informace:<\/strong><\/p>\n<ul>\n<li><strong>Zneu\u017eit\u00ed a z\u00e1vislost<\/strong>: Hydrokodon m\u00e1 vysok\u00fd potenci\u00e1l ke zneu\u017eit\u00ed a m\u011bl by b\u00fdt pe\u010dliv\u011b sledov\u00e1n, aby se zabr\u00e1nilo zneu\u017eit\u00ed. M\u016f\u017ee b\u00fdt n\u00e1vykov\u00fd a jeho u\u017e\u00edv\u00e1n\u00ed by m\u011blo b\u00fdt pe\u010dliv\u011b \u0159\u00edzeno, zejm\u00e9na u pacient\u016f s anamn\u00e9zou zneu\u017e\u00edv\u00e1n\u00ed n\u00e1vykov\u00fdch l\u00e1tek. <\/li>\n<li><strong>T\u011bhotenstv\u00ed a kojen\u00ed<\/strong>: Obecn\u011b se nedoporu\u010duje kv\u016fli potenci\u00e1ln\u00edm rizik\u016fm pro d\u00edt\u011b.<\/li>\n<\/ul>\n<p><strong>Dostupn\u00e9 formul\u00e1\u0159e:<\/strong><\/p>\n<ul>\n<li><strong>Okam\u017eit\u00e9 uvoln\u011bn\u00ed<\/strong>: Hydrokodon v kombinaci s acetaminofenem (nap\u0159. Vicodin, Lortab) nebo ibuprofenem (nap\u0159. Vicoprofen).<\/li>\n<li><strong>Extended-Release<\/strong>: Pro dlouhodobou l\u00e9\u010dbu bolesti (nap\u0159. Hysingla ER, Zohydro ER).<\/li>\n<li><strong>Kombinovan\u00e9 produkty<\/strong>: Hydrokodon s homatropinem (Hycodan) na ka\u0161el a bolest nebo v sirupech proti ka\u0161li, jako je Tussionex.<\/li>\n<\/ul>\n<p><strong>Rizika p\u0159ed\u00e1vkov\u00e1n\u00ed:<\/strong> P\u0159\u00edznaky p\u0159ed\u00e1vkov\u00e1n\u00ed mohou zahrnovat pomal\u00e9 nebo m\u011blk\u00e9 d\u00fdch\u00e1n\u00ed, t\u011b\u017ekou ospalost a ztr\u00e1tu v\u011bdom\u00ed. V p\u0159\u00edpad\u011b p\u0159ed\u00e1vkov\u00e1n\u00ed podejte naloxon, pokud je k dispozici, a okam\u017eit\u011b vyhledejte l\u00e9ka\u0159skou pomoc. Dal\u0161\u00ed informace o tom, kde koupit hydrokodon online, z\u00edsk\u00e1te v autorizovan\u00fdch online l\u00e9k\u00e1rn\u00e1ch nebo licencovan\u00fdch distributorech.<\/p>\n","protected":false},"excerpt":{"rendered":"<p>Koupit hydrokodon online. Kombinace hydrokodonu a acetaminofenu se pou\u017e\u00edv\u00e1 k \u00falev\u011b od siln\u00e9 bolesti. Koupit hydrokodon l\u00e9ky online, hydrokodon na prodej online  <\/p>\n","protected":false},"featured_media":19891,"comment_status":"open","ping_status":"closed","template":"","meta":{"om_disable_all_campaigns":false,"_sitemap_exclude":false,"_sitemap_priority":"","_sitemap_frequency":"","_monsterinsights_skip_tracking":false,"_monsterinsights_sitenote_active":false,"_monsterinsights_sitenote_note":"","_monsterinsights_sitenote_category":0},"product_cat":[4628],"product_tag":[7301,7282,7283,7289,6975,7296,7285],"class_list":{"0":"post-23702","1":"product","2":"type-product","3":"status-publish","4":"has-post-thumbnail","6":"product_cat-pripravky-proti-bolesti","7":"product_tag-autenticky-hydrokodon-evropa","8":"product_tag-koupit-hydrocodone","9":"product_tag-koupit-hydrokodon-online","10":"product_tag-koupit-hydrokodon-online-evropa","11":"product_tag-koupit-vicodin-online","12":"product_tag-levne-hydrocodone-europe","13":"product_tag-objednejte-si-hydrokodon-online","15":"first","16":"instock","17":"shipping-taxable","18":"purchasable","19":"product-type-variable","20":"farmacie-col"},"aioseo_notices":[],"_links":{"self":[{"href":"https:\/\/lacasadelamedicina.es\/cs\/wp-json\/wp\/v2\/product\/23702"}],"collection":[{"href":"https:\/\/lacasadelamedicina.es\/cs\/wp-json\/wp\/v2\/product"}],"about":[{"href":"https:\/\/lacasadelamedicina.es\/cs\/wp-json\/wp\/v2\/types\/product"}],"replies":[{"embeddable":true,"href":"https:\/\/lacasadelamedicina.es\/cs\/wp-json\/wp\/v2\/comments?post=23702"}],"wp:featuredmedia":[{"embeddable":true,"href":"https:\/\/lacasadelamedicina.es\/cs\/wp-json\/wp\/v2\/media\/19891"}],"wp:attachment":[{"href":"https:\/\/lacasadelamedicina.es\/cs\/wp-json\/wp\/v2\/media?parent=23702"}],"wp:term":[{"taxonomy":"product_cat","embeddable":true,"href":"https:\/\/lacasadelamedicina.es\/cs\/wp-json\/wp\/v2\/product_cat?post=23702"},{"taxonomy":"product_tag","embeddable":true,"href":"https:\/\/lacasadelamedicina.es\/cs\/wp-json\/wp\/v2\/product_tag?post=23702"}],"curies":[{"name":"wp","href":"https:\/\/api.w.org\/{rel}","templated":true}]}}