{"id":23664,"date":"2024-08-11T08:47:57","date_gmt":"2024-08-11T08:47:57","guid":{"rendered":"https:\/\/lacasadelamedicina.es\/product\/koupit-morphine-online\/"},"modified":"2024-08-11T08:47:57","modified_gmt":"2024-08-11T08:47:57","slug":"koupit-morphine-online","status":"publish","type":"product","link":"https:\/\/lacasadelamedicina.es\/cs\/produkt\/koupit-morphine-online\/","title":{"rendered":"Koupit Morphine online"},"content":{"rendered":"<h1 class=\"product_title entry-title\">Koupit Morphine online<\/h1>\n<p> Morfin je \u00fa\u010dinn\u00fd l\u00e9k pou\u017e\u00edvan\u00fd ke zm\u00edrn\u011bn\u00ed siln\u00e9 bolesti, zejm\u00e9na t\u00e9, kter\u00e1 je spojena s termin\u00e1ln\u00edmi nemocemi, jako je rakovina. Je klasifikov\u00e1n jako narkotick\u00e9 analgetikum a p\u016fsob\u00ed na centr\u00e1ln\u00ed nervov\u00fd syst\u00e9m (CNS), aby poskytoval \u00falevu od bolesti. Morfin spad\u00e1 do kategorie opioid\u016f, co\u017e znamen\u00e1, \u017ee p\u016fsob\u00ed p\u0159\u00edmo na mozek a nervov\u00fd syst\u00e9m a sni\u017euje bolest. <strong>Formy a d\u00e1vkov\u00e1n\u00ed<\/strong> Morfin je dostupn\u00fd v r\u016fzn\u00fdch form\u00e1ch a d\u00e1vk\u00e1ch, v\u010detn\u011b:   <\/p>\n<ul>\n<li>Tablety<\/li>\n<li>Kapsle<\/li>\n<li>Or\u00e1ln\u00ed tekutina<\/li>\n<li>Injekce<\/li>\n<\/ul>\n<p> Je tak\u00e9 zn\u00e1m\u00fd pod n\u011bkolika zna\u010dkami, jako nap\u0159\u00edklad: <\/p>\n<ul>\n<li>Sevredol<\/li>\n<li>m-Eslon SR<\/li>\n<li>RA-Morph<\/li>\n<li>Wockhardt Morfin<\/li>\n<li>Oramorph<\/li>\n<\/ul>\n<p><strong>Pou\u017eit\u00ed a omezen\u00ed<\/strong> Morfin se tak\u00e9 pou\u017e\u00edv\u00e1 v paliativn\u00ed p\u00e9\u010di ke zvl\u00e1d\u00e1n\u00ed du\u0161nosti a ka\u0161le. N\u00edzk\u00e1, pravideln\u00e1 d\u00e1vka m\u016f\u017ee pomoci zm\u00edrnit p\u0159\u00edznaky du\u0161nosti. Je v\u0161ak d\u016fle\u017eit\u00e9 poznamenat, \u017ee Morphine nen\u00ed vhodn\u00fd pro l\u00e9\u010dbu m\u00edrn\u00e9 bolesti nebo pro kr\u00e1tkodob\u00e9 pou\u017eit\u00ed, nap\u0159\u00edklad po operaci. Nem\u011bl by se pou\u017e\u00edvat p\u0159i ob\u010dasn\u00e9 bolesti nebo kdy\u017e jsou \u00fa\u010dinn\u00e9 nenarkotick\u00e9 l\u00e9ky. <strong>Riziko z\u00e1vislosti<\/strong> Dlouhodob\u00e9 u\u017e\u00edv\u00e1n\u00ed morfinu m\u016f\u017ee v\u00e9st k fyzick\u00e9 nebo du\u0161evn\u00ed z\u00e1vislosti, i kdy\u017e je to m\u00e9n\u011b pravd\u011bpodobn\u00e9, pokud se pou\u017e\u00edv\u00e1 spr\u00e1vn\u011b k l\u00e9\u010db\u011b bolesti. Fyzick\u00e1 z\u00e1vislost m\u016f\u017ee zp\u016fsobit abstinen\u010dn\u00ed p\u0159\u00edznaky, pokud je l\u00e9\u010dba n\u00e1hle ukon\u010dena, ale ty lze zvl\u00e1dnout postupn\u00fdm sni\u017eov\u00e1n\u00edm d\u00e1vky. <strong>Program opioidn\u00edch analgetik REMS<\/strong> Morfin je distribuov\u00e1n v r\u00e1mci omezen\u00e9ho programu zvan\u00e9ho opioidn\u00ed analgetikum REMS (strategie hodnocen\u00ed a zm\u00edr\u0148ov\u00e1n\u00ed rizik), aby bylo zaji\u0161t\u011bno jeho bezpe\u010dn\u00e9 pou\u017e\u00edv\u00e1n\u00ed. <strong>Ne\u017e\u00e1douc\u00ed \u00fa\u010dinky<\/strong> Mezi b\u011b\u017en\u00e9 vedlej\u0161\u00ed \u00fa\u010dinky pat\u0159\u00ed:     <\/p>\n<ul>\n<li>Ospalost nebo z\u00e1vrat\u011b<\/li>\n<li>Nevolnost a zvracen\u00ed<\/li>\n<li>Z\u00e1cpa<\/li>\n<li>Bolest hlavy<\/li>\n<li>Sucho v \u00fastech<\/li>\n<\/ul>\n<p> Chcete-li zvl\u00e1dnout tyto vedlej\u0161\u00ed \u00fa\u010dinky: <\/p>\n<ul>\n<li>Bu\u010fte opatrn\u00ed p\u0159i \u0159\u00edzen\u00ed nebo obsluze stroj\u016f.<\/li>\n<li>Vyh\u00fdbejte se alkoholu.<\/li>\n<li>P\u0159i nevolnosti se pora\u010fte s l\u00e9ka\u0159em o l\u00e9c\u00edch proti nevolnosti.<\/li>\n<li>\u0158e\u0161it z\u00e1cpu u\u017e\u00edv\u00e1n\u00edm p\u0159edepsan\u00fdch proj\u00edmadel a zv\u00fd\u0161en\u00edm p\u0159\u00edjmu vl\u00e1kniny a vody.<\/li>\n<\/ul>\n<p><strong>Z\u00e1vislost a z\u00e1vislost<\/strong> I kdy\u017e je z\u00e1vislost p\u0159i kr\u00e1tkodob\u00e9m nebo termin\u00e1ln\u00edm u\u017e\u00edv\u00e1n\u00ed onemocn\u011bn\u00ed vz\u00e1cn\u00e1, n\u011bkte\u0159\u00ed jedinci mohou b\u00fdt vystaveni vy\u0161\u0161\u00edmu riziku, zejm\u00e9na ti, kte\u0159\u00ed maj\u00ed v minulosti du\u0161evn\u00ed zdrav\u00ed. probl\u00e9my nebo zneu\u017e\u00edv\u00e1n\u00ed n\u00e1vykov\u00fdch l\u00e1tek. Aby se minimalizovalo riziko z\u00e1vislosti, m\u011bl by b\u00fdt morfin u\u017e\u00edv\u00e1n po co nejkrat\u0161\u00ed dobu a v nejni\u017e\u0161\u00ed \u00fa\u010dinn\u00e9 d\u00e1vce. Se sv\u00fdm l\u00e9ka\u0159em si vypracujte pl\u00e1n, jak v p\u0159\u00edpad\u011b pot\u0159eby vysadit l\u00e9ky. <strong>Z\u00e1va\u017en\u00e9 ne\u017e\u00e1douc\u00ed \u00fa\u010dinky<\/strong> Okam\u017eit\u011b vyhledejte l\u00e9ka\u0159skou pomoc, pokud zaznamen\u00e1te:   <\/p>\n<ul>\n<li>D\u00fdchac\u00ed pot\u00ed\u017ee nebo nepravideln\u00e9 d\u00fdch\u00e1n\u00ed<\/li>\n<li>Z\u00e1va\u017en\u00e1 ko\u017en\u00ed vyr\u00e1\u017eka nebo sv\u011bd\u011bn\u00ed<\/li>\n<li>Vize se m\u011bn\u00ed<\/li>\n<\/ul>\n<p> Podrobn\u011bj\u0161\u00ed informace o zvl\u00e1d\u00e1n\u00ed vedlej\u0161\u00edch \u00fa\u010dink\u016f a bezpe\u010dn\u00e9m pou\u017e\u00edv\u00e1n\u00ed morfinu naleznete v na\u0161ich komplexn\u00edch zdroj\u00edch.<\/p>\n","protected":false},"excerpt":{"rendered":"<p>Koupit Morphine online. Morfin se pou\u017e\u00edv\u00e1 k \u00falev\u011b od siln\u00e9 bolesti nebo st\u0159edn\u011b siln\u00e9 bolesti zp\u016fsoben\u00e9 termin\u00e1ln\u00edm onemocn\u011bn\u00edm, jako je rakovina. Morfin na prodej online. Kde koupit morfin online. <strong>K dispozici jsou injekce morfiumsulf\u00e1tu<\/strong> USP<strong>10 mg\/m<\/strong><strong>l15 mg\/ml<\/strong><strong>50 mg\/ml<\/strong><strong>25 mg\/ml<\/strong><strong>300 mg\/20 ml<\/strong><strong>1 000 mg\/20 ml<\/strong><strong>K dispozici jsou tablety Morphine<\/strong><strong>10 mg<\/strong><strong>15 mg<\/strong><strong>30 mg<\/strong><strong>60 mg<\/strong>   <\/p>\n","protected":false},"featured_media":19951,"comment_status":"open","ping_status":"closed","template":"","meta":{"om_disable_all_campaigns":false,"_sitemap_exclude":false,"_sitemap_priority":"","_sitemap_frequency":"","_monsterinsights_skip_tracking":false,"_monsterinsights_sitenote_active":false,"_monsterinsights_sitenote_note":"","_monsterinsights_sitenote_category":0},"product_cat":[4628],"product_tag":[7235,7234,7236,7229,7221,7227,7218,7222,7217,7223,7216,7230,7226,7224,7233,7231,7232,7225,7219,7228,7237,7220],"class_list":{"0":"post-23664","1":"product","2":"type-product","3":"status-publish","4":"has-post-thumbnail","6":"product_cat-pripravky-proti-bolesti","7":"product_tag-autenticky-morfin-v-evrope","8":"product_tag-dodavka-morfinu-po-evrope","9":"product_tag-evropsti-dodavatele-morfinu","10":"product_tag-internetovy-obchod-morphine-europe","11":"product_tag-internetovy-prodej-morfia","12":"product_tag-kde-koupit-morphine-europe","13":"product_tag-kde-koupit-morphine-online","14":"product_tag-kolik-je-morphine","15":"product_tag-koupit-morphine-online","16":"product_tag-koupit-morphine-online-evropa","17":"product_tag-kupte-si-morphine","18":"product_tag-levny-morphine-europe","19":"product_tag-morfin-doprava-zdarma-po-evrope","20":"product_tag-morfin-za-nejlepsi-cenu-v-evrope","21":"product_tag-morphine-europe-sleva","22":"product_tag-nabidka-morphine-europe","23":"product_tag-obchod-morphine-europe","24":"product_tag-objednejte-si-morphine-eu","25":"product_tag-objednejte-si-morphine-online","26":"product_tag-prodej-morfinu-v-evrope","27":"product_tag-recenze-morphine-europe","28":"product_tag-ucinky-morfinu","30":"first","31":"instock","32":"shipping-taxable","33":"purchasable","34":"product-type-variable","35":"farmacie-col","36":"product-has-gallery"},"aioseo_notices":[],"_links":{"self":[{"href":"https:\/\/lacasadelamedicina.es\/cs\/wp-json\/wp\/v2\/product\/23664"}],"collection":[{"href":"https:\/\/lacasadelamedicina.es\/cs\/wp-json\/wp\/v2\/product"}],"about":[{"href":"https:\/\/lacasadelamedicina.es\/cs\/wp-json\/wp\/v2\/types\/product"}],"replies":[{"embeddable":true,"href":"https:\/\/lacasadelamedicina.es\/cs\/wp-json\/wp\/v2\/comments?post=23664"}],"wp:featuredmedia":[{"embeddable":true,"href":"https:\/\/lacasadelamedicina.es\/cs\/wp-json\/wp\/v2\/media\/19951"}],"wp:attachment":[{"href":"https:\/\/lacasadelamedicina.es\/cs\/wp-json\/wp\/v2\/media?parent=23664"}],"wp:term":[{"taxonomy":"product_cat","embeddable":true,"href":"https:\/\/lacasadelamedicina.es\/cs\/wp-json\/wp\/v2\/product_cat?post=23664"},{"taxonomy":"product_tag","embeddable":true,"href":"https:\/\/lacasadelamedicina.es\/cs\/wp-json\/wp\/v2\/product_tag?post=23664"}],"curies":[{"name":"wp","href":"https:\/\/api.w.org\/{rel}","templated":true}]}}