{"id":23590,"date":"2024-08-11T12:46:15","date_gmt":"2024-08-11T12:46:15","guid":{"rendered":"https:\/\/lacasadelamedicina.es\/product\/koupit-oxykodon-online\/"},"modified":"2024-08-11T12:46:15","modified_gmt":"2024-08-11T12:46:15","slug":"koupit-oxykodon-online","status":"publish","type":"product","link":"https:\/\/lacasadelamedicina.es\/cs\/produkt\/koupit-oxykodon-online\/","title":{"rendered":"Koupit Oxykodon online"},"content":{"rendered":"<h1 class=\"product_title entry-title\">Koupit Oxykodon online<\/h1>\n<p> Oxykodon je siln\u00fd opioid pou\u017e\u00edvan\u00fd ke zm\u00edrn\u011bn\u00ed siln\u00e9 bolesti, kdy\u017e jsou jin\u00e9 l\u00e9ky proti bolesti ne\u00fa\u010dinn\u00e9 nebo netolerovateln\u00e9. Pat\u0159\u00ed do t\u0159\u00eddy narkotick\u00fdch analgetik, co\u017e jsou l\u00e9ky speci\u00e1ln\u011b ur\u010den\u00e9 k \u00falev\u011b od bolesti. P\u016fsoben\u00edm na centr\u00e1ln\u00ed nervov\u00fd syst\u00e9m (CNS) pom\u00e1h\u00e1 oxykodon zvl\u00e1dat st\u0159edn\u011b t\u011b\u017ekou i t\u011b\u017ekou akutn\u00ed nebo chronickou bolest, kdy\u017e alternativn\u00ed l\u00e9\u010dba nesta\u010d\u00ed.   <\/p>\n<h3><strong>Jak je oxykodon zneu\u017e\u00edv\u00e1n?<\/strong><\/h3>\n<p> Studie uk\u00e1zaly, \u017ee oxykodon m\u016f\u017ee v\u00fdznamn\u011b zlep\u0161it kvalitu \u017eivota jedinc\u016f s chronick\u00fdmi bolestiv\u00fdmi stavy. Jeho chemick\u00e1 struktura je bl\u00edzce p\u0159\u00edbuzn\u00e1 kodeinu, ale zahrnuje modifikace, jako je hydroxy skupina na uhl\u00edku-14, 7,8-dihydro rys a karbonylov\u00e1 skupina nahrazuj\u00edc\u00ed hydroxylovou skupinu kodeinu. Je tak\u00e9 podobn\u00fd hydrokodonu, li\u0161\u00ed se pouze p\u0159\u00edtomnost\u00ed hydroxylov\u00e9 skupiny na uhl\u00edku-14.   <\/p>\n<h3><strong>Jak\u00fd m\u00e1 vliv na organismus?<\/strong><\/h3>\n<p> Oxykodon je na ulici b\u011b\u017en\u011b zn\u00e1m\u00fd pod n\u00e1zvy jako Hillbilly Heroin, Kicker, OC, Ox, Roxy, Perc a Oxy. Je dostupn\u00fd v r\u016fzn\u00fdch form\u00e1ch, v\u010detn\u011b tablet s prodlou\u017een\u00fdm uvol\u0148ov\u00e1n\u00edm (OxyContin\u00ae) v s\u00edle 10, 20, 40 a 80 mg a kapsl\u00ed s okam\u017eit\u00fdm uvol\u0148ov\u00e1n\u00edm, jako je 5 mg OxyIR. Krom\u011b toho je sou\u010d\u00e1st\u00ed kombinovan\u00fdch produkt\u016f, jako je Percodan\u00ae s aspirinem a Roxicet s acetaminofenem. <strong>Zneu\u017e\u00edv\u00e1n\u00ed oxykodonu:<\/strong> Oxykodon se \u010dasto zneu\u017e\u00edv\u00e1 rozdrcen\u00edm tablet a \u0161\u0148up\u00e1n\u00edm pr\u00e1\u0161ku, jejich rozpu\u0161t\u011bn\u00edm ve vod\u011b a vst\u0159\u00edknut\u00edm roztoku nebo zah\u0159\u00e1t\u00edm tablet na f\u00f3lii a vdechov\u00e1n\u00ed v\u00fdpar\u016f. <strong>\u00da\u010dinky na mysl:<\/strong> Droga typicky navozuje euforii a relaxaci, co\u017e p\u0159isp\u00edv\u00e1 k jej\u00edmu vysok\u00e9mu potenci\u00e1lu ke zneu\u017eit\u00ed. <strong>\u00da\u010dinky na t\u011blo:<\/strong> Oxykodon poskytuje \u00falevu od bolesti, sedaci a potla\u010den\u00ed ka\u0161le, ale m\u016f\u017ee tak\u00e9 zp\u016fsobit respira\u010dn\u00ed depresi, z\u00e1cpu a z\u00fa\u017een\u00e9 zorni\u010dky. Chronick\u00e9 u\u017e\u00edv\u00e1n\u00ed, zejm\u00e9na s acetaminofenem, m\u016f\u017ee v\u00e9st k v\u00e1\u017en\u00e9mu po\u0161kozen\u00ed jater. Mezi p\u0159\u00edznaky p\u0159ed\u00e1vkov\u00e1n\u00ed pat\u0159\u00ed extr\u00e9mn\u00ed ospalost, svalov\u00e1 slabost, zmatenost, studen\u00e1 a vlhk\u00e1 k\u016f\u017ee, p\u0159esn\u00e9 zorni\u010dky, m\u011blk\u00e9 d\u00fdch\u00e1n\u00ed, pomal\u00e1 srde\u010dn\u00ed frekvence, mdloby, k\u00f3ma a potenci\u00e1ln\u011b smrt.<\/p>\n","protected":false},"excerpt":{"rendered":"<p>Oxykodon je siln\u00fd opioidn\u00ed l\u00e9k pou\u017e\u00edvan\u00fd ke zvl\u00e1d\u00e1n\u00ed siln\u00e9 bolesti, kter\u00e1 vy\u017eaduje l\u00e9\u010dbu opioidy. Je klasifikov\u00e1n jako narkotick\u00e9 analgetikum, co\u017e je typ l\u00e9ku ti\u0161\u00edc\u00edho bolest. <\/p>\n","protected":false},"featured_media":20041,"comment_status":"open","ping_status":"closed","template":"","meta":{"om_disable_all_campaigns":false,"_sitemap_exclude":false,"_sitemap_priority":"","_sitemap_frequency":"","_monsterinsights_skip_tracking":false,"_monsterinsights_sitenote_active":false,"_monsterinsights_sitenote_note":"","_monsterinsights_sitenote_category":0},"product_cat":[4628],"product_tag":[7165,7169,7170,7168,7163,7161,7152,7156,7150,7157,7151,7063,7164,7166,7159,7131,7153,7155,7160,7158,7162,7171,7167,7154],"class_list":{"0":"post-23590","1":"product","2":"type-product","3":"status-publish","4":"has-post-thumbnail","6":"product_cat-pripravky-proti-bolesti","7":"product_tag-akce-oxycodone-europe","8":"product_tag-autenticky-oxycodone-europe","9":"product_tag-dodavatele-oxycodone-europe","10":"product_tag-dodavka-oxycodone-europe","11":"product_tag-internetovy-obchod-oxycodone-europe","12":"product_tag-kde-koupit-oxycodone-europe","13":"product_tag-kde-koupit-oxykodon-online","14":"product_tag-kolik-je-oxykodon","15":"product_tag-koupit-oxycodone","16":"product_tag-koupit-oxycodone-online-evropa","17":"product_tag-koupit-oxykodon-online","18":"product_tag-koupit-roxicodone-online","19":"product_tag-levne-oxycodone-europe","20":"product_tag-obchod-oxycodone-europe","21":"product_tag-objednejte-si-oxycodone-eu","22":"product_tag-objednejte-si-oxycontin-online","23":"product_tag-objednejte-si-oxykodon-online","24":"product_tag-online-prodej-oxykodonu","25":"product_tag-oxykodon-doprava-zdarma-po-evrope","26":"product_tag-oxykodon-nejlepsi-cena-v-evrope","27":"product_tag-prodej-oxycodone-europe","28":"product_tag-recenze-oxycodone-europe","29":"product_tag-sleva-oxycodone-europe","30":"product_tag-ucinky-oxykodonu","32":"first","33":"instock","34":"shipping-taxable","35":"purchasable","36":"product-type-variable","37":"farmacie-col","38":"product-has-gallery"},"aioseo_notices":[],"_links":{"self":[{"href":"https:\/\/lacasadelamedicina.es\/cs\/wp-json\/wp\/v2\/product\/23590"}],"collection":[{"href":"https:\/\/lacasadelamedicina.es\/cs\/wp-json\/wp\/v2\/product"}],"about":[{"href":"https:\/\/lacasadelamedicina.es\/cs\/wp-json\/wp\/v2\/types\/product"}],"replies":[{"embeddable":true,"href":"https:\/\/lacasadelamedicina.es\/cs\/wp-json\/wp\/v2\/comments?post=23590"}],"wp:featuredmedia":[{"embeddable":true,"href":"https:\/\/lacasadelamedicina.es\/cs\/wp-json\/wp\/v2\/media\/20041"}],"wp:attachment":[{"href":"https:\/\/lacasadelamedicina.es\/cs\/wp-json\/wp\/v2\/media?parent=23590"}],"wp:term":[{"taxonomy":"product_cat","embeddable":true,"href":"https:\/\/lacasadelamedicina.es\/cs\/wp-json\/wp\/v2\/product_cat?post=23590"},{"taxonomy":"product_tag","embeddable":true,"href":"https:\/\/lacasadelamedicina.es\/cs\/wp-json\/wp\/v2\/product_tag?post=23590"}],"curies":[{"name":"wp","href":"https:\/\/api.w.org\/{rel}","templated":true}]}}