{"id":23502,"date":"2024-08-11T14:01:46","date_gmt":"2024-08-11T14:01:46","guid":{"rendered":"https:\/\/lacasadelamedicina.es\/product\/koupit-ritalin-online\/"},"modified":"2024-08-30T08:53:46","modified_gmt":"2024-08-30T08:53:46","slug":"koupit-ritalin-online","status":"publish","type":"product","link":"https:\/\/lacasadelamedicina.es\/cs\/produkt\/koupit-ritalin-online\/","title":{"rendered":"Koupit Ritalin online"},"content":{"rendered":"<h1 class=\"product_title entry-title\">Koupit Ritalin online<\/h1>\n<p><strong>Koupit Ritalin online<\/strong> Ritalin je stimula\u010dn\u00ed l\u00e9k prim\u00e1rn\u011b pou\u017e\u00edvan\u00fd k l\u00e9\u010db\u011b poruchy pozornosti s hyperaktivitou (ADHD) a v men\u0161\u00ed m\u00ed\u0159e i narkolepsie. Jedn\u00e1 se o kl\u00ed\u010dovou mo\u017enost l\u00e9\u010dby ADHD, kter\u00e1 je dostupn\u00e1 v r\u016fzn\u00fdch form\u00e1ch s r\u016fznou dobou trv\u00e1n\u00ed \u00fa\u010dinku, typicky v rozmez\u00ed 2 a\u017e 4 hodin. Zat\u00edmco \u00fa\u010dinnost Ritalinu na ADHD je srovnateln\u00e1 s atomoxetinem, obecn\u011b je pova\u017eov\u00e1n za o n\u011bco m\u00e9n\u011b \u00fa\u010dinn\u00fd ne\u017e amfetaminy.   <strong>Formy a siln\u00e9 str\u00e1nky l\u00e9k\u016f:<\/strong><\/p>\n<ul>\n<li><strong>Ritalin peror\u00e1ln\u00ed tablety:<\/strong>\n<ul>\n<li>5 mg<\/li>\n<li>10 mg<\/li>\n<li>20 mg<\/li>\n<\/ul>\n<\/li>\n<li><strong>Ritalin LA tobolky s prodlou\u017een\u00fdm uvol\u0148ov\u00e1n\u00edm:<\/strong>\n<ul>\n<li>10 mg<\/li>\n<li>20 mg<\/li>\n<li>30 mg<\/li>\n<li>40 mg<\/li>\n<\/ul>\n<\/li>\n<\/ul>\n<p><strong>Podrobnosti o drog\u00e1ch:<\/strong><\/p>\n<ul>\n<li><strong>Dostupn\u00e9 formy:<\/strong> Peror\u00e1ln\u00ed tablety a kapsle s prodlou\u017een\u00fdm uvol\u0148ov\u00e1n\u00edm<\/li>\n<li><strong>Obecn\u00e1 dostupnost:<\/strong> Ano, jsou k dispozici obecn\u00e9 verze Ritalinu.<\/li>\n<li><strong>Rok schv\u00e1len\u00ed FDA:<\/strong> 1955<\/li>\n<\/ul>\n<p> Ritalin i Ritalin LA obsahuj\u00ed jako aktivn\u00ed slo\u017eku methylfenid\u00e1t. Generick\u00e9 verze jsou stejn\u011b bezpe\u010dn\u00e9 a \u00fa\u010dinn\u00e9, ale \u010dasto jsou cenov\u011b dostupn\u011bj\u0161\u00ed. Pora\u010fte se se sv\u00fdm l\u00e9ka\u0159em, pokud uva\u017eujete o p\u0159echodu na generickou verzi. <strong>Mo\u017en\u00e9 vedlej\u0161\u00ed \u00fa\u010dinky Ritalinu:<\/strong><strong>M\u00edrn\u00e9 vedlej\u0161\u00ed \u00fa\u010dinky:<\/strong>  <\/p>\n<ul>\n<li>Bolest b\u0159icha<\/li>\n<li>Sucho v \u00fastech<\/li>\n<li>Nadm\u011brn\u00e9 pocen\u00ed<\/li>\n<li>Bolest hlavy<\/li>\n<li>Nespavost<\/li>\n<li>Nevolnost<\/li>\n<li>Sn\u00ed\u017een\u00e1 chu\u0165 k j\u00eddlu<\/li>\n<li>Hubnut\u00ed<\/li>\n<li>M\u00edrn\u00e9 alergick\u00e9 reakce<\/li>\n<\/ul>\n<p> Tyto ne\u017e\u00e1douc\u00ed \u00fa\u010dinky \u010dasto odezn\u00ed b\u011bhem n\u011bkolika dn\u016f a\u017e t\u00fddn\u016f. Pokud v\u0161ak p\u0159etrv\u00e1vaj\u00ed nebo se zhor\u0161uj\u00ed, pora\u010fte se se sv\u00fdm l\u00e9ka\u0159em nebo l\u00e9k\u00e1rn\u00edkem. <strong>Z\u00e1va\u017en\u00e9 vedlej\u0161\u00ed \u00fa\u010dinky:<\/strong> Z\u00e1va\u017en\u00e9 vedlej\u0161\u00ed \u00fa\u010dinky jsou m\u00e9n\u011b \u010dast\u00e9, ale vy\u017eaduj\u00ed okam\u017eitou l\u00e9ka\u0159skou pomoc. Obra\u0165te se na sv\u00e9ho l\u00e9ka\u0159e, pokud zaznamen\u00e1te n\u011bkter\u00fd z n\u00e1sleduj\u00edc\u00edch stav\u016f:   <\/p>\n<ul>\n<li><strong>Probl\u00e9my srdce a krevn\u00edch c\u00e9v:<\/strong>\n<ul>\n<li>Bu\u0161en\u00ed srdce<\/li>\n<li>Zv\u00fd\u0161en\u00e1 srde\u010dn\u00ed frekvence<\/li>\n<li>Du\u0161nost<\/li>\n<li>Bolest nebo tlak na hrudi<\/li>\n<li>Jednostrann\u00e1 slabost<\/li>\n<li>Pot\u00ed\u017ee s mluven\u00edm<\/li>\n<\/ul>\n<\/li>\n<li><strong>\u00da\u010dinky na du\u0161evn\u00ed zdrav\u00ed:<\/strong>\n<ul>\n<li>\u00dazkost<\/li>\n<li>Psych\u00f3za<\/li>\n<li>Bipol\u00e1rn\u00ed porucha<\/li>\n<li>M\u00e1nie<\/li>\n<li>Halucinace<\/li>\n<li>Bludy<\/li>\n<\/ul>\n<\/li>\n<li><strong>Priapismus:<\/strong>\n<ul>\n<li>Bolestiv\u00e1 nebo prodlou\u017een\u00e1 erekce trvaj\u00edc\u00ed d\u00e9le ne\u017e 4 hodiny<\/li>\n<\/ul>\n<\/li>\n<li><strong>Ob\u011bhov\u00e9 probl\u00e9my:<\/strong>\n<ul>\n<li>Bolest, otok, necitlivost nebo zm\u011bna barvy prst\u016f na rukou nebo nohou<\/li>\n<li>Ko\u017en\u00ed v\u0159edy na rukou nebo nohou<\/li>\n<\/ul>\n<\/li>\n<li><strong>Zv\u00fd\u0161en\u00fd krevn\u00ed tlak:<\/strong>\n<ul>\n<li>\u010casto je asymptomatick\u00fd, ale vy\u017eaduje sledov\u00e1n\u00ed<\/li>\n<\/ul>\n<\/li>\n<li><strong>Riziko zneu\u017eit\u00ed a z\u00e1vislosti<\/strong><\/li>\n<li><strong>Z\u00e1va\u017en\u00e9 alergick\u00e9 reakce<\/strong><\/li>\n<\/ul>\n<p><strong>Rizika p\u0159ed\u00e1vkov\u00e1n\u00ed:<\/strong> U\u017e\u00edv\u00e1n\u00ed v\u011bt\u0161\u00ed ne\u017e p\u0159edepsan\u00e9 d\u00e1vky Ritalinu m\u016f\u017ee v\u00e9st k z\u00e1va\u017en\u00fdm vedlej\u0161\u00edm \u00fa\u010dink\u016fm. P\u0159\u00edznaky p\u0159ed\u00e1vkov\u00e1n\u00ed zahrnuj\u00ed:  <\/p>\n<ul>\n<li>Roz\u0161\u00ed\u0159en\u00e9 zorni\u010dky<\/li>\n<li>Nevolnost, zvracen\u00ed nebo pr\u016fjem<\/li>\n<li>Agitovanost, \u00fazkost, zmatenost nebo euforie<\/li>\n<li>Halucinace<\/li>\n<li>Ot\u0159esy<\/li>\n<li>Kol\u00eds\u00e1n\u00ed krevn\u00edho tlaku<\/li>\n<li>Nepravideln\u00fd srde\u010dn\u00ed rytmus<\/li>\n<li>Svalov\u00e9 z\u00e1\u0161kuby nebo rozpad<\/li>\n<\/ul>\n<p>&nbsp;<\/p>\n","protected":false},"excerpt":{"rendered":"<p>Koupit Ritalin online. Ritalin je jednou z b\u011b\u017en\u00fdch l\u00e9\u010debn\u00fdch mo\u017enost\u00ed pou\u017e\u00edvan\u00fdch pro poruchu pozornosti s hyperaktivitou (ADHD). Ritalin na prodej online, kde koupit Ritalin online.  <\/p>\n","protected":false},"featured_media":20101,"comment_status":"open","ping_status":"closed","template":"","meta":{"om_disable_all_campaigns":false,"_sitemap_exclude":false,"_sitemap_priority":"","_sitemap_frequency":"","_monsterinsights_skip_tracking":false,"_monsterinsights_sitenote_active":false,"_monsterinsights_sitenote_note":"","_monsterinsights_sitenote_category":0},"product_cat":[4628],"product_tag":[7104,7102,7095,7086,7090,7085,7091,7084,7098,7099,7100,7087,7089,7096,7105,7094,7097,7092,7088],"class_list":{"0":"post-23502","1":"product","2":"type-product","3":"status-publish","4":"has-post-thumbnail","6":"product_cat-pripravky-proti-bolesti","7":"product_tag-dodavatele-ritalin-europe","8":"product_tag-dodavka-ritalin-europe","9":"product_tag-kde-koupit-ritalin-europe","10":"product_tag-kde-koupit-ritalin-online","11":"product_tag-kolik-je-ritalin","12":"product_tag-koupit-ritalin-online","13":"product_tag-koupit-ritalin-online-evropa","14":"product_tag-kupte-si-ritalin","15":"product_tag-levne-ritalin-europe","16":"product_tag-nabidky-ritalin-europe","17":"product_tag-obchod-ritalin-europe","18":"product_tag-objednejte-si-ritalin-online","19":"product_tag-online-prodej-ritalinu","20":"product_tag-prodej-ritalin-europe","21":"product_tag-recenze-ritalin-europe","22":"product_tag-ritalin-doprava-zdarma-po-evrope","23":"product_tag-ritalin-internetovy-obchod-evropa","24":"product_tag-ritalin-nejlepsi-cena-v-evrope","25":"product_tag-ucinky-ritalinu","27":"first","28":"instock","29":"shipping-taxable","30":"purchasable","31":"product-type-variable","32":"farmacie-col"},"aioseo_notices":[],"_links":{"self":[{"href":"https:\/\/lacasadelamedicina.es\/cs\/wp-json\/wp\/v2\/product\/23502"}],"collection":[{"href":"https:\/\/lacasadelamedicina.es\/cs\/wp-json\/wp\/v2\/product"}],"about":[{"href":"https:\/\/lacasadelamedicina.es\/cs\/wp-json\/wp\/v2\/types\/product"}],"replies":[{"embeddable":true,"href":"https:\/\/lacasadelamedicina.es\/cs\/wp-json\/wp\/v2\/comments?post=23502"}],"wp:featuredmedia":[{"embeddable":true,"href":"https:\/\/lacasadelamedicina.es\/cs\/wp-json\/wp\/v2\/media\/20101"}],"wp:attachment":[{"href":"https:\/\/lacasadelamedicina.es\/cs\/wp-json\/wp\/v2\/media?parent=23502"}],"wp:term":[{"taxonomy":"product_cat","embeddable":true,"href":"https:\/\/lacasadelamedicina.es\/cs\/wp-json\/wp\/v2\/product_cat?post=23502"},{"taxonomy":"product_tag","embeddable":true,"href":"https:\/\/lacasadelamedicina.es\/cs\/wp-json\/wp\/v2\/product_tag?post=23502"}],"curies":[{"name":"wp","href":"https:\/\/api.w.org\/{rel}","templated":true}]}}