{"id":23475,"date":"2024-08-11T14:27:21","date_gmt":"2024-08-11T14:27:21","guid":{"rendered":"https:\/\/lacasadelamedicina.es\/product\/koupit-suboxone-online\/"},"modified":"2024-08-11T14:27:21","modified_gmt":"2024-08-11T14:27:21","slug":"koupit-suboxone-online","status":"publish","type":"product","link":"https:\/\/lacasadelamedicina.es\/cs\/produkt\/koupit-suboxone-online\/","title":{"rendered":"Koupit Suboxone online"},"content":{"rendered":"<h1 class=\"product_title entry-title\">Koupit Suboxone online<\/h1>\n<p> Suboxone je l\u00e9k na p\u0159edpis pou\u017e\u00edvan\u00fd k l\u00e9\u010db\u011b poruchy u\u017e\u00edv\u00e1n\u00ed opioid\u016f (OUD). Kombinuje dv\u011b \u00fa\u010dinn\u00e9 l\u00e1tky: buprenorfin a naloxon. Tento l\u00e9k v\u00fdznamn\u011b sni\u017euje riziko p\u0159ed\u00e1vkov\u00e1n\u00ed opioidy, jako je heroin nebo fentanyl, a sni\u017euje \u00famrtnost a\u017e o 50 %. Suboxone pom\u00e1h\u00e1 zvl\u00e1dat abstinen\u010dn\u00ed p\u0159\u00edznaky opioid\u016f a podporuje dlouhodob\u00e9 c\u00edle zotaven\u00ed t\u00edm, \u017ee sni\u017euje chu\u0165 k j\u00eddlu a riziko relapsu.    <strong>Jak Suboxone funguje:<\/strong><\/p>\n<ul>\n<li><strong>Buprenorfin<\/strong>: \u010c\u00e1ste\u010dn\u00fd opioidn\u00ed agonista, buprenorfin, pom\u00e1h\u00e1 zm\u00edrnit abstinen\u010dn\u00ed p\u0159\u00edznaky \u010d\u00e1ste\u010dnou stimulac\u00ed opioidn\u00edch receptor\u016f v mozku. To pom\u00e1h\u00e1 zvl\u00e1dat cravings a usnad\u0148uje p\u0159echod ze z\u00e1vislosti na opioidech, pokud se u\u017e\u00edv\u00e1 pod l\u00e9ka\u0159sk\u00fdm dohledem. <\/li>\n<li><strong>Naloxon<\/strong>: Antagonista opioid\u016f, naloxon, je zahrnut, aby se zabr\u00e1nilo zneu\u017eit\u00ed l\u00e9ku. Zvrac\u00ed \u00fa\u010dinky opioid\u016f a m\u016f\u017ee vyvolat abstinen\u010dn\u00ed p\u0159\u00edznaky, pokud je Suboxone zneu\u017e\u00edv\u00e1n, co\u017e z n\u011bj \u010din\u00ed bezpe\u010dn\u011bj\u0161\u00ed mo\u017enost dlouhodob\u00e9 l\u00e9\u010dby. <\/li>\n<\/ul>\n<p><strong>V\u00fdhody Suboxone:<\/strong> Suboxone se stal preferovan\u00fdm l\u00e9kem pro l\u00e9\u010dbu OUD d\u00edky sv\u00e9mu bezpe\u010dnostn\u00edmu profilu a \u00fa\u010dinnosti. Na rozd\u00edl od metadonu, dal\u0161\u00ed l\u00e9\u010dby OUD, je u Suboxone m\u00e9n\u011b pravd\u011bpodobn\u00e9, \u017ee bude n\u00e1vykov\u00fd a m\u016f\u017ee b\u00fdt p\u0159edeps\u00e1n poskytovatelem prim\u00e1rn\u00ed p\u00e9\u010de, na rozd\u00edl od metadonu, kter\u00fd obvykle vy\u017eaduje l\u00e9\u010dbu ve specializovan\u00e9m centru. <strong>P\u0159edpis a pou\u017eit\u00ed:<\/strong> Suboxone lze p\u0159edepsat na za\u010d\u00e1tku l\u00e9\u010dby nebo b\u011bhem dlouhodob\u00e9ho zotavov\u00e1n\u00ed. Je d\u016fle\u017eit\u00e9 prodiskutovat se sv\u00fdm poskytovatelem zdravotn\u00ed p\u00e9\u010de nejlep\u0161\u00ed pl\u00e1n l\u00e9\u010dby p\u0159izp\u016fsoben\u00fd va\u0161im pot\u0159eb\u00e1m. Komplexn\u00ed l\u00e9\u010dba \u010dasto zahrnuje behavior\u00e1ln\u00ed zdravotn\u00ed podporu spolu s medikament\u00f3zn\u00ed terapi\u00ed (MAT). <strong>Ne\u017e\u00e1douc\u00ed \u00fa\u010dinky Suboxone:<\/strong><strong>Z\u00e1va\u017en\u00e9 vedlej\u0161\u00ed \u00fa\u010dinky:<\/strong>   <\/p>\n<ul>\n<li><strong>Alergick\u00e9 reakce<\/strong>: kop\u0159ivka, pot\u00ed\u017ee s d\u00fdch\u00e1n\u00edm, otok obli\u010deje, rt\u016f, jazyka nebo hrdla.<\/li>\n<li><strong>Probl\u00e9my s d\u00fdch\u00e1n\u00edm<\/strong>: Zpomalen\u00e9 nebo zastaven\u00e9 d\u00fdch\u00e1n\u00ed, zejm\u00e9na s dlouh\u00fdmi pauzami, modr\u00fdmi rty nebo pot\u00ed\u017eemi s probuzen\u00edm.<\/li>\n<li><strong>Probl\u00e9my s j\u00e1try<\/strong>: bolest v horn\u00ed \u010d\u00e1sti \u017ealudku, ztr\u00e1ta chuti k j\u00eddlu, tmav\u00e1 mo\u010d, j\u00edlovit\u011b zbarven\u00e1 stolice, \u017eloutenka.<\/li>\n<li><strong>Vysok\u00e9 hladiny serotoninu<\/strong>: Neklid, halucinace, hore\u010dka, pocen\u00ed, t\u0159es, rychl\u00fd srde\u010dn\u00ed tep, svalov\u00e1 ztuhlost, nevolnost, zvracen\u00ed, pr\u016fjem.<\/li>\n<li><strong>N\u00edzk\u00e9 hladiny kortizolu<\/strong>: Nevolnost, zvracen\u00ed, ztr\u00e1ta chuti k j\u00eddlu, z\u00e1vrat\u011b, t\u011b\u017ek\u00e1 slabost.<\/li>\n<li><strong>Abstinen\u010dn\u00ed p\u0159\u00edznaky<\/strong>: T\u0159es, pocen\u00ed, r\u00fdma, slzen\u00ed o\u010d\u00ed, bolest sval\u016f.<\/li>\n<\/ul>\n<p><strong>\u010cast\u00e9 vedlej\u0161\u00ed \u00fa\u010dinky:<\/strong><\/p>\n<ul>\n<li>Z\u00e1vrat\u011b, ospalost, rozmazan\u00e9 vid\u011bn\u00ed, pot\u00ed\u017ee se soust\u0159ed\u011bn\u00edm.<\/li>\n<li>Abstinen\u010dn\u00ed p\u0159\u00edznaky, bolest jazyka, nevolnost, zvracen\u00ed, z\u00e1cpa.<\/li>\n<li>Bolesti hlavy, zad, zv\u00fd\u0161en\u00e9 pocen\u00ed, probl\u00e9my se sp\u00e1nkem.<\/li>\n<\/ul>\n<p><strong>Rozd\u00edl mezi Subutexem a Suboxone:<\/strong> Prim\u00e1rn\u00ed rozd\u00edl je v tom, \u017ee Suboxone obsahuje buprenorfin i naloxon, zat\u00edmco Subutex obsahuje pouze buprenorfin. Subutex byl p\u016fvodn\u00ed p\u0159\u00edpravek a bylo zji\u0161t\u011bno, \u017ee je \u00fa\u010dinn\u00fd, ale m\u00e1 vy\u0161\u0161\u00ed potenci\u00e1l ke zneu\u017eit\u00ed. Suboxone byl vyvinut k \u0159e\u0161en\u00ed tohoto probl\u00e9mu zahrnut\u00edm naloxonu, kter\u00fd blokuje \u00fa\u010dinky opioid\u016f na receptorov\u00fdch m\u00edstech. Injekce p\u0159\u00edpravku Suboxone m\u016f\u017ee v\u00e9st k n\u00e1hl\u00e9mu abstinen\u010dn\u00edmu syndromu, kter\u00fd zabr\u00e1n\u00ed zneu\u017eit\u00ed.<\/p>\n","protected":false},"excerpt":{"rendered":"<p>Koupit Suboxone online. Suboxone je kombinovan\u00fd l\u00e9k s fixn\u00ed d\u00e1vkou, kter\u00fd zahrnuje buprenorfin a naloxon. Suboxone na prodej online  <\/p>\n","protected":false},"featured_media":20131,"comment_status":"open","ping_status":"closed","template":"","meta":{"om_disable_all_campaigns":false,"_sitemap_exclude":false,"_sitemap_priority":"","_sitemap_frequency":"","_monsterinsights_skip_tracking":false,"_monsterinsights_sitenote_active":false,"_monsterinsights_sitenote_note":"","_monsterinsights_sitenote_category":0},"product_cat":[4628],"product_tag":[7046,7041,7047,7040,7054,7043,7044],"class_list":{"0":"post-23475","1":"product","2":"type-product","3":"status-publish","4":"has-post-thumbnail","6":"product_cat-pripravky-proti-bolesti","7":"product_tag-kolik-je-suboxone","8":"product_tag-koupit-suboxone-online","9":"product_tag-koupit-suboxone-online-evropa","10":"product_tag-kupte-si-suboxone","11":"product_tag-levne-suboxone-europe","12":"product_tag-objednejte-si-suboxone-online","13":"product_tag-ucinky-suboxone","15":"first","16":"instock","17":"shipping-taxable","18":"purchasable","19":"product-type-variable","20":"farmacie-col"},"aioseo_notices":[],"_links":{"self":[{"href":"https:\/\/lacasadelamedicina.es\/cs\/wp-json\/wp\/v2\/product\/23475"}],"collection":[{"href":"https:\/\/lacasadelamedicina.es\/cs\/wp-json\/wp\/v2\/product"}],"about":[{"href":"https:\/\/lacasadelamedicina.es\/cs\/wp-json\/wp\/v2\/types\/product"}],"replies":[{"embeddable":true,"href":"https:\/\/lacasadelamedicina.es\/cs\/wp-json\/wp\/v2\/comments?post=23475"}],"wp:featuredmedia":[{"embeddable":true,"href":"https:\/\/lacasadelamedicina.es\/cs\/wp-json\/wp\/v2\/media\/20131"}],"wp:attachment":[{"href":"https:\/\/lacasadelamedicina.es\/cs\/wp-json\/wp\/v2\/media?parent=23475"}],"wp:term":[{"taxonomy":"product_cat","embeddable":true,"href":"https:\/\/lacasadelamedicina.es\/cs\/wp-json\/wp\/v2\/product_cat?post=23475"},{"taxonomy":"product_tag","embeddable":true,"href":"https:\/\/lacasadelamedicina.es\/cs\/wp-json\/wp\/v2\/product_tag?post=23475"}],"curies":[{"name":"wp","href":"https:\/\/api.w.org\/{rel}","templated":true}]}}