{"id":23464,"date":"2024-08-11T14:34:45","date_gmt":"2024-08-11T14:34:45","guid":{"rendered":"https:\/\/lacasadelamedicina.es\/product\/koupit-subutex-online\/"},"modified":"2024-08-11T14:34:45","modified_gmt":"2024-08-11T14:34:45","slug":"koupit-subutex-online","status":"publish","type":"product","link":"https:\/\/lacasadelamedicina.es\/cs\/produkt\/koupit-subutex-online\/","title":{"rendered":"Koupit Subutex online"},"content":{"rendered":"<h3>Koupit Subutex online<\/h3>\n<p> Subutex je l\u00e9k pou\u017e\u00edvan\u00fd k l\u00e9\u010db\u011b poruchy u\u017e\u00edv\u00e1n\u00ed opioid\u016f (OUD) a ke zvl\u00e1d\u00e1n\u00ed akutn\u00ed i chronick\u00e9 bolesti. Obsahuje buprenorfin jako jedinou \u00fa\u010dinnou l\u00e1tku a m\u016f\u017ee b\u00fdt pod\u00e1v\u00e1n r\u016fzn\u00fdmi cestami, v\u010detn\u011b sublingv\u00e1ln\u00ed (pod jazyk), buk\u00e1ln\u00ed (na tv\u00e1\u0159), intraven\u00f3zn\u00ed (IV), subkut\u00e1nn\u00ed (pod k\u016f\u017ei), transderm\u00e1ln\u00ed (n\u00e1plast na k\u016f\u017ei). nebo jako implant\u00e1t.  <strong>Rozd\u00edly mezi Subutexem a Suboxone:<\/strong><\/p>\n<ul>\n<li><strong>Subutex<\/strong> obsahuje pouze buprenorfin, zat\u00edmco <strong>Suboxone<\/strong> zahrnuje buprenorfin i naloxon. Naloxon se p\u0159id\u00e1v\u00e1 do Suboxonu, aby zabr\u00e1nil zneu\u017eit\u00ed t\u00edm, \u017ee zp\u016fsob\u00ed abstinen\u010dn\u00ed p\u0159\u00edznaky, pokud je l\u00e9k injikov\u00e1n. <\/li>\n<li><strong>Subutex<\/strong> byl p\u016fvodn\u00ed p\u0159\u00edpravek pou\u017e\u00edvan\u00fd k l\u00e9\u010db\u011b z\u00e1vislosti na opioidech, ale m\u011bl vy\u0161\u0161\u00ed potenci\u00e1l ke zneu\u017eit\u00ed. <strong>Suboxone<\/strong> byl vyvinut za \u00fa\u010delem sn\u00ed\u017een\u00ed tohoto rizika zahrnut\u00edm naloxonu.<\/li>\n<\/ul>\n<p><strong>\u00da\u010dinnost:<\/strong><\/p>\n<ul>\n<li>Subutex i Suboxone jsou \u00fa\u010dinn\u00e9 p\u0159i l\u00e9\u010db\u011b z\u00e1vislosti na opioidech a zvl\u00e1d\u00e1n\u00ed abstinen\u010dn\u00edch p\u0159\u00edznak\u016f. Volba mezi nimi \u010dasto z\u00e1vis\u00ed na anamn\u00e9ze u\u017e\u00edv\u00e1n\u00ed l\u00e1tky a na riziku jej\u00edho zneu\u017e\u00edv\u00e1n\u00ed. Suboxone je obecn\u011b preferov\u00e1n d\u00edky p\u0159idan\u00e9mu naloxonu, kter\u00fd pom\u00e1h\u00e1 p\u0159edch\u00e1zet zneu\u017eit\u00ed.  <\/li>\n<li><strong>Buprenorfin<\/strong>, aktivn\u00ed slo\u017eka obou l\u00e9k\u016f, je \u010d\u00e1ste\u010dn\u00fdm opioidn\u00edm agonistou. Aktivuje opioidn\u00ed receptory v mozku, ale pouze \u010d\u00e1ste\u010dn\u011b, \u010d\u00edm\u017e sni\u017euje abstinen\u010dn\u00ed p\u0159\u00edznaky a chut\u011b, ani\u017e by vyvolal pln\u00e9 \u00fa\u010dinky jin\u00fdch opioid\u016f. <\/li>\n<\/ul>\n<p><strong>Pou\u017eit\u00ed a administrace:<\/strong><\/p>\n<ul>\n<li>Subutex se obvykle pod\u00e1v\u00e1 jako sublingv\u00e1ln\u00ed tableta, kter\u00e1 se vkl\u00e1d\u00e1 pod jazyk kv\u016fli absorpci. M\u016f\u017ee b\u00fdt tak\u00e9 pou\u017eit v jin\u00fdch form\u00e1ch v z\u00e1vislosti na konkr\u00e9tn\u00edch pot\u0159eb\u00e1ch l\u00e9\u010dby. <\/li>\n<li>L\u00e9k se obvykle u\u017e\u00edv\u00e1 jednou denn\u011b. Jeho vrcholn\u00e1 aktivita nast\u00e1v\u00e1 3-4 hodiny po pod\u00e1n\u00ed. <\/li>\n<\/ul>\n<p><strong>Rizika a vedlej\u0161\u00ed \u00fa\u010dinky:<\/strong><\/p>\n<ul>\n<li><strong>Z\u00e1va\u017en\u00e9 vedlej\u0161\u00ed \u00fa\u010dinky:<\/strong>\n<ul>\n<li>Alergick\u00e9 reakce: Kop\u0159ivka, pot\u00ed\u017ee s d\u00fdch\u00e1n\u00edm, otok obli\u010deje, rt\u016f, jazyka nebo hrdla.<\/li>\n<li>Probl\u00e9my s d\u00fdch\u00e1n\u00edm: Zpomalen\u00e9 nebo zastaven\u00e9 d\u00fdch\u00e1n\u00ed, zejm\u00e9na s dlouh\u00fdmi pauzami, modr\u00fdmi rty nebo pot\u00ed\u017eemi s probuzen\u00edm.<\/li>\n<li>Probl\u00e9my s j\u00e1try: Bolest v horn\u00ed \u010d\u00e1sti \u017ealudku, ztr\u00e1ta chuti k j\u00eddlu, tmav\u00e1 mo\u010d, j\u00edlovit\u011b zbarven\u00e1 stolice, \u017eloutenka.<\/li>\n<li>Abstinen\u010dn\u00ed p\u0159\u00edznaky opioid\u016f: T\u0159es, hus\u00ed k\u016f\u017ee, pocen\u00ed, r\u00fdma, slzen\u00ed o\u010d\u00ed, pr\u016fjem, bolest sval\u016f.<\/li>\n<li>N\u00edzk\u00e9 hladiny kortizolu: Zvracen\u00ed, z\u00e1vrat\u011b, siln\u00e1 \u00fanava nebo slabost.<\/li>\n<li>Serotoninov\u00fd syndrom: Agitovanost, halucinace, hore\u010dka, pocen\u00ed, t\u0159es, rychl\u00fd srde\u010dn\u00ed tep, svalov\u00e1 ztuhlost, nevolnost, zvracen\u00ed, pr\u016fjem.<\/li>\n<\/ul>\n<\/li>\n<li><strong>\u010cast\u00e9 vedlej\u0161\u00ed \u00fa\u010dinky:<\/strong>\n<ul>\n<li>Z\u00e1cpa, nevolnost, zvracen\u00ed.<\/li>\n<li>Bolest hlavy, zv\u00fd\u0161en\u00e9 pocen\u00ed, probl\u00e9my se sp\u00e1nkem (nespavost).<\/li>\n<li>Celkov\u00e1 bolest t\u011bla.<\/li>\n<\/ul>\n<\/li>\n<\/ul>\n<p><strong>\u00davahy o t\u011bhotenstv\u00ed:<\/strong><\/p>\n<ul>\n<li>Buprenorfin, aktivn\u00ed slo\u017eka Subutexu, m\u016f\u017ee m\u00edt fetotoxick\u00e9 \u00fa\u010dinky a zp\u016fsobit neonat\u00e1ln\u00ed abstinen\u010dn\u00ed syndrom. Pokud ot\u011bhotn\u00edte b\u011bhem l\u00e9\u010dby Subutexem, okam\u017eit\u011b se pora\u010fte se sv\u00fdm l\u00e9ka\u0159em, abyste prodiskutovali alternativy a zajistili spr\u00e1vnou p\u00e9\u010di. <\/li>\n<\/ul>\n<p><strong>Mo\u017enost zneu\u017eit\u00ed a zneu\u017eit\u00ed:<\/strong><\/p>\n<ul>\n<li>Subutex, stejn\u011b jako jin\u00e9 opioidy, s sebou nese riziko zneu\u017eit\u00ed. N\u011bkte\u0159\u00ed jedinci mohou rozdrtit tablety a aplikovat je injek\u010dn\u011b, aby dos\u00e1hli vysok\u00e9 d\u00e1vky, co\u017e je u Suboxonu m\u00e9n\u011b \u00fa\u010dinn\u00e9 kv\u016fli p\u0159\u00edtomnosti naloxonu. <\/li>\n<\/ul>\n<p><strong>Mimo\u0159\u00e1dn\u00e1 opat\u0159en\u00ed:<\/strong><\/p>\n<ul>\n<li>Vyhledejte pohotovostn\u00ed l\u00e9ka\u0159skou pomoc, pokud zaznamen\u00e1te z\u00e1va\u017en\u00e9 ne\u017e\u00e1douc\u00ed \u00fa\u010dinky, jako jsou v\u00fdznamn\u00e9 probl\u00e9my s d\u00fdch\u00e1n\u00edm, z\u00e1va\u017en\u00e9 alergick\u00e9 reakce nebo p\u0159\u00edznaky serotoninov\u00e9ho syndromu.<\/li>\n<\/ul>\n","protected":false},"excerpt":{"rendered":"<p>Subutex je opioid pou\u017e\u00edvan\u00fd k l\u00e9\u010db\u011b poruchy u\u017e\u00edv\u00e1n\u00ed opioid\u016f, akutn\u00ed bolesti a chronick\u00e9 bolesti. Subutex na prodej online, kde koupit Subutex online. <\/p>\n","protected":false},"featured_media":20146,"comment_status":"open","ping_status":"closed","template":"","meta":{"om_disable_all_campaigns":false,"_sitemap_exclude":false,"_sitemap_priority":"","_sitemap_frequency":"","_monsterinsights_skip_tracking":false,"_monsterinsights_sitenote_active":false,"_monsterinsights_sitenote_note":"","_monsterinsights_sitenote_category":0},"product_cat":[4628],"product_tag":[7038,7036,7031,7029,7020,7371,7019,7025,7018,7032,7033,7373,7021,7030,7023,7039,7035,7028,7026,7022],"class_list":{"0":"post-23464","1":"product","2":"type-product","3":"status-publish","4":"has-post-thumbnail","6":"product_cat-pripravky-proti-bolesti","7":"product_tag-dodavatele-subutex-europe","8":"product_tag-dodavka-subutex-europe","9":"product_tag-internetovy-obchod-subutex-evropa","10":"product_tag-kde-koupit-subutex-europe","11":"product_tag-kde-koupit-subutex-online","12":"product_tag-koupit-buprenorfin-online","13":"product_tag-koupit-subutex-online","14":"product_tag-koupit-subutex-online-evropa","15":"product_tag-kupte-si-subutex","16":"product_tag-levne-subutex-europe","17":"product_tag-nabidka-subutex-europe","18":"product_tag-objednejte-si-buprenorfin-online","19":"product_tag-objednejte-si-subutex-online","20":"product_tag-prodej-subutex-europe","21":"product_tag-prodej-subutex-online","22":"product_tag-recenze-subutex-europe","23":"product_tag-sleva-subutex-europe","24":"product_tag-subutex-doprava-zdarma-po-evrope","25":"product_tag-subutex-nejlepsi-cena-v-evrope","26":"product_tag-ucinky-subutexu","28":"first","29":"instock","30":"shipping-taxable","31":"purchasable","32":"product-type-variable","33":"farmacie-col"},"aioseo_notices":[],"_links":{"self":[{"href":"https:\/\/lacasadelamedicina.es\/cs\/wp-json\/wp\/v2\/product\/23464"}],"collection":[{"href":"https:\/\/lacasadelamedicina.es\/cs\/wp-json\/wp\/v2\/product"}],"about":[{"href":"https:\/\/lacasadelamedicina.es\/cs\/wp-json\/wp\/v2\/types\/product"}],"replies":[{"embeddable":true,"href":"https:\/\/lacasadelamedicina.es\/cs\/wp-json\/wp\/v2\/comments?post=23464"}],"wp:featuredmedia":[{"embeddable":true,"href":"https:\/\/lacasadelamedicina.es\/cs\/wp-json\/wp\/v2\/media\/20146"}],"wp:attachment":[{"href":"https:\/\/lacasadelamedicina.es\/cs\/wp-json\/wp\/v2\/media?parent=23464"}],"wp:term":[{"taxonomy":"product_cat","embeddable":true,"href":"https:\/\/lacasadelamedicina.es\/cs\/wp-json\/wp\/v2\/product_cat?post=23464"},{"taxonomy":"product_tag","embeddable":true,"href":"https:\/\/lacasadelamedicina.es\/cs\/wp-json\/wp\/v2\/product_tag?post=23464"}],"curies":[{"name":"wp","href":"https:\/\/api.w.org\/{rel}","templated":true}]}}