{"id":23352,"date":"2024-08-11T14:41:28","date_gmt":"2024-08-11T14:41:28","guid":{"rendered":"https:\/\/lacasadelamedicina.es\/product\/koupit-tapentadol-online\/"},"modified":"2024-08-11T14:41:28","modified_gmt":"2024-08-11T14:41:28","slug":"koupit-tapentadol-online","status":"publish","type":"product","link":"https:\/\/lacasadelamedicina.es\/cs\/produkt\/koupit-tapentadol-online\/","title":{"rendered":"Koupit Tapentadol online"},"content":{"rendered":"<h1 class=\"product_title entry-title\">Koupit Tapentadol online<\/h1>\n<p> Tapentadol je siln\u00fd opioidn\u00ed l\u00e9k proti bolesti pou\u017e\u00edvan\u00fd ke zvl\u00e1d\u00e1n\u00ed siln\u00e9 bolesti, zejm\u00e9na kdy\u017e se jin\u00e9 l\u00e9\u010dby bolesti uk\u00e1zaly jako ne\u00fa\u010dinn\u00e9 nebo nejsou tolerov\u00e1ny. M\u016f\u017ee b\u00fdt pod\u00e1v\u00e1n jako peror\u00e1ln\u00ed roztok nebo tableta a je tak\u00e9 dostupn\u00fd ve form\u011b s prodlou\u017een\u00fdm uvol\u0148ov\u00e1n\u00edm pro zvl\u00e1d\u00e1n\u00ed chronick\u00e9 bolesti, v\u010detn\u011b bolesti zp\u016fsoben\u00e9 diabetickou neuropati\u00ed.  <strong>Kl\u00ed\u010dov\u00e9 body:<\/strong><\/p>\n<ul>\n<li><strong>U\u017eit\u00ed:<\/strong> Tapentadol je indikov\u00e1n p\u0159i siln\u00e9 bolesti, kter\u00e1 vy\u017eaduje l\u00e9\u010dbu opioidy, a nen\u00ed vhodn\u00fd pro p\u0159\u00edle\u017eitostnou nebo \u201epodle pot\u0159eby\u201c \u00falevu od bolesti. Je to narkotick\u00e9 analgetikum, kter\u00e9 p\u016fsob\u00ed na centr\u00e1ln\u00ed nervov\u00fd syst\u00e9m ke zm\u00edrn\u011bn\u00ed bolesti. <\/li>\n<li><strong>Riziko z\u00e1vislosti:<\/strong> Dlouhodob\u00e9 u\u017e\u00edv\u00e1n\u00ed tapentadolu m\u016f\u017ee v\u00e9st k fyzick\u00e9 z\u00e1vislosti, a\u010dkoli psychick\u00e1 z\u00e1vislost je m\u00e9n\u011b pravd\u011bpodobn\u00e1. Pro zm\u00edrn\u011bn\u00ed abstinen\u010dn\u00edch p\u0159\u00edznak\u016f je d\u016fle\u017eit\u00e9 postupn\u011b sni\u017eovat l\u00e9\u010dbu, sp\u00ed\u0161e ne\u017e n\u00e1hle p\u0159estat. <\/li>\n<li><strong>Omezen\u00e1 distribuce:<\/strong> Tapentadol je dostupn\u00fd v r\u00e1mci programu opioidn\u00edch analgetik REMS (Strategie hodnocen\u00ed a zm\u00edr\u0148ov\u00e1n\u00ed rizik) kv\u016fli jeho potenci\u00e1lu pro zneu\u017eit\u00ed a z\u00e1vislost.<\/li>\n<\/ul>\n<p><strong>D\u00e1vkov\u00e9 formy:<\/strong><\/p>\n<ul>\n<li><strong>Tablet, roz\u0161\u00ed\u0159en\u00e9 vyd\u00e1n\u00ed:<\/strong> Pro silnou bolest, v\u010detn\u011b chronick\u00e9 bolesti zp\u016fsoben\u00e9 diabetickou neuropati\u00ed.<\/li>\n<li><strong>Tablet:<\/strong> Pro jin\u00e9 situace siln\u00e9 bolesti, kdy je nutn\u00e1 l\u00e9\u010dba opioidy.<\/li>\n<\/ul>\n<p><strong>Ne\u017e\u00e1douc\u00ed \u00fa\u010dinky Tapentadolu:<\/strong><strong>B\u011b\u017en\u00e9 vedlej\u0161\u00ed \u00fa\u010dinky:<\/strong><\/p>\n<ul>\n<li>Ospalost<\/li>\n<li>Bolest hlavy<\/li>\n<li>Nevolnost<\/li>\n<li>Z\u00e1cpa<\/li>\n<li>\u017dalude\u010dn\u00ed nepohodl\u00ed nebo bolest<\/li>\n<li>Neobvykl\u00e1 \u00fanava nebo slabost<\/li>\n<\/ul>\n<p><strong>M\u00e9n\u011b \u010dast\u00e9 ne\u017e\u00e1douc\u00ed \u00fa\u010dinky:<\/strong><\/p>\n<ul>\n<li>Bolest mo\u010dov\u00e9ho m\u011bch\u00fd\u0159e<\/li>\n<li>Krvav\u00e1 nebo zakalen\u00e1 mo\u010d<\/li>\n<li>Bolesti t\u011bla<\/li>\n<li>Ka\u0161el<\/li>\n<li>Pot\u00ed\u017ee s d\u00fdch\u00e1n\u00edm<\/li>\n<li>Hore\u010dka<\/li>\n<li>Bolesti sval\u016f<\/li>\n<li>Neobvykl\u00e1 \u00fanava nebo slabost<\/li>\n<\/ul>\n<p><strong>Vz\u00e1cn\u00e9 vedlej\u0161\u00ed \u00fa\u010dinky:<\/strong><\/p>\n<ul>\n<li>\u00dazkost<\/li>\n<li>Zmatek nebo zapomn\u011bn\u00ed<\/li>\n<li>T\u011bsnost na hrudi<\/li>\n<li>Nemotornost nebo nestabilita<\/li>\n<li>Rychl\u00fd nebo nepravideln\u00fd srde\u010dn\u00ed tep<\/li>\n<li>Podr\u00e1\u017ed\u011bnost nebo neklid<\/li>\n<li>Z\u00e1chvaty<\/li>\n<li>Chv\u011bn\u00ed nebo chv\u011bn\u00ed<\/li>\n<li>Otoky obli\u010deje, rt\u016f, rukou nebo nohou<\/li>\n<\/ul>\n<p><strong>Z\u00e1va\u017en\u00e9 vedlej\u0161\u00ed \u00fa\u010dinky:<\/strong><\/p>\n<ul>\n<li><strong>P\u0159\u00edznaky p\u0159ed\u00e1vkov\u00e1n\u00ed:<\/strong>\n<ul>\n<li>Zm\u011bna v\u011bdom\u00ed<\/li>\n<li>Bolest na hrudi nebo nepohodl\u00ed<\/li>\n<li>Studen\u00e1, vlhk\u00e1 k\u016f\u017ee<\/li>\n<li>Vyka\u0161l\u00e1v\u00e1n\u00ed r\u016f\u017eov\u00e9ho p\u011bniv\u00e9ho sputa<\/li>\n<li>Sn\u00ed\u017een\u00e9 pov\u011bdom\u00ed nebo schopnost reagovat<\/li>\n<li>Pot\u00ed\u017ee nebo pot\u00ed\u017ee s d\u00fdch\u00e1n\u00edm<\/li>\n<li>To\u010den\u00ed hlavy, z\u00e1vrat\u011b nebo mdloby<\/li>\n<li>Ztr\u00e1ta v\u011bdom\u00ed<\/li>\n<li>Bled\u00e9 nebo modr\u00e9 rty, nehty nebo k\u016f\u017ee<\/li>\n<li>Ospalost nebo neobvykl\u00e1 ospalost<\/li>\n<li>Otoky nohou a kotn\u00edk\u016f<\/li>\n<\/ul>\n<\/li>\n<li><strong>Dal\u0161\u00ed z\u00e1va\u017en\u00e9 p\u0159\u00edznaky:<\/strong>\n<ul>\n<li>Du\u0161evn\u00ed deprese<\/li>\n<li>My\u0161lenky na sebepo\u0161kozov\u00e1n\u00ed<\/li>\n<li>Z\u00e1va\u017en\u00e9 alergick\u00e9 reakce (kop\u0159ivka, pot\u00ed\u017ee s d\u00fdch\u00e1n\u00edm, otok obli\u010deje nebo hrdla)<\/li>\n<\/ul>\n<\/li>\n<\/ul>\n<p><strong>Mimo\u0159\u00e1dn\u00e1 opat\u0159en\u00ed:<\/strong><\/p>\n<ul>\n<li>Okam\u017eit\u011b vyhledejte l\u00e9ka\u0159skou pomoc, pokud zaznamen\u00e1te p\u0159\u00edznaky p\u0159ed\u00e1vkov\u00e1n\u00ed, jako jsou t\u011b\u017ek\u00e9 d\u00fdchac\u00ed pot\u00ed\u017ee, zm\u011bny v\u011bdom\u00ed nebo v\u00fdrazn\u00e1 ospalost.<\/li>\n<li>Jak\u00e9koli z\u00e1va\u017en\u00e9 ne\u017e\u00e1douc\u00ed \u00fa\u010dinky nebo neobvykl\u00e9 p\u0159\u00edznaky nahlaste sv\u00e9mu poskytovateli zdravotn\u00ed p\u00e9\u010de.<\/li>\n<\/ul>\n<p><strong>Obecn\u00e9 pozn\u00e1mky:<\/strong><\/p>\n<ul>\n<li>Tapentadol by m\u011bl b\u00fdt pou\u017e\u00edv\u00e1n pod veden\u00edm poskytovatele zdravotn\u00ed p\u00e9\u010de s pe\u010dliv\u00fdm sledov\u00e1n\u00edm zn\u00e1mek z\u00e1vislosti nebo ne\u017e\u00e1douc\u00edch \u00fa\u010dink\u016f.<\/li>\n<li>Postupn\u00e9 sni\u017eov\u00e1n\u00ed d\u00e1vky m\u016f\u017ee pomoci zvl\u00e1dnout abstinen\u010dn\u00ed p\u0159\u00edznaky p\u0159i p\u0159eru\u0161en\u00ed u\u017e\u00edv\u00e1n\u00ed.<\/li>\n<li>Prodiskutujte v\u0161echny zdravotn\u00ed stavy a l\u00e9ky se sv\u00fdm l\u00e9ka\u0159em, abyste se vyhnuli potenci\u00e1ln\u00edm interakc\u00edm a zajistili bezpe\u010dn\u00e9 pou\u017e\u00edv\u00e1n\u00ed.<\/li>\n<\/ul>\n","protected":false},"excerpt":{"rendered":"<p>Koupit tapentadol online. Tapentadol peror\u00e1ln\u00ed roztok a tableta se pou\u017e\u00edvaj\u00ed k l\u00e9\u010db\u011b bolesti, kter\u00e1 je natolik siln\u00e1, \u017ee vy\u017eaduje l\u00e9\u010dbu opioidy, a kdy\u017e jin\u00e9 l\u00e9ky proti bolesti dostate\u010dn\u011b ne\u00fa\u010dinkovaly nebo je nelze tolerovat. kde koupit tapentadol online.  <\/p>\n","protected":false},"featured_media":20161,"comment_status":"open","ping_status":"closed","template":"","meta":{"om_disable_all_campaigns":false,"_sitemap_exclude":false,"_sitemap_priority":"","_sitemap_frequency":"","_monsterinsights_skip_tracking":false,"_monsterinsights_sitenote_active":false,"_monsterinsights_sitenote_note":"","_monsterinsights_sitenote_category":0},"product_cat":[4628],"product_tag":[6996,6997,6999],"class_list":{"0":"post-23352","1":"product","2":"type-product","3":"status-publish","4":"has-post-thumbnail","6":"product_cat-pripravky-proti-bolesti","7":"product_tag-koupit-tapentadol","8":"product_tag-koupit-tapentadol-online","9":"product_tag-objednejte-si-tapentadol-online","11":"first","12":"instock","13":"shipping-taxable","14":"purchasable","15":"product-type-variable","16":"farmacie-col"},"aioseo_notices":[],"_links":{"self":[{"href":"https:\/\/lacasadelamedicina.es\/cs\/wp-json\/wp\/v2\/product\/23352"}],"collection":[{"href":"https:\/\/lacasadelamedicina.es\/cs\/wp-json\/wp\/v2\/product"}],"about":[{"href":"https:\/\/lacasadelamedicina.es\/cs\/wp-json\/wp\/v2\/types\/product"}],"replies":[{"embeddable":true,"href":"https:\/\/lacasadelamedicina.es\/cs\/wp-json\/wp\/v2\/comments?post=23352"}],"wp:featuredmedia":[{"embeddable":true,"href":"https:\/\/lacasadelamedicina.es\/cs\/wp-json\/wp\/v2\/media\/20161"}],"wp:attachment":[{"href":"https:\/\/lacasadelamedicina.es\/cs\/wp-json\/wp\/v2\/media?parent=23352"}],"wp:term":[{"taxonomy":"product_cat","embeddable":true,"href":"https:\/\/lacasadelamedicina.es\/cs\/wp-json\/wp\/v2\/product_cat?post=23352"},{"taxonomy":"product_tag","embeddable":true,"href":"https:\/\/lacasadelamedicina.es\/cs\/wp-json\/wp\/v2\/product_tag?post=23352"}],"curies":[{"name":"wp","href":"https:\/\/api.w.org\/{rel}","templated":true}]}}